{"id":467,"date":"2023-12-19T16:02:40","date_gmt":"2023-12-19T16:02:40","guid":{"rendered":"https:\/\/menclub.md\/?page_id=467"},"modified":"2023-12-19T17:29:55","modified_gmt":"2023-12-19T17:29:55","slug":"blog","status":"publish","type":"page","link":"https:\/\/menclub.md\/ru\/blog\/","title":{"rendered":"\u0411\u043b\u043e\u0433"},"content":{"rendered":"<div data-elementor-type=\"wp-page\" data-elementor-id=\"467\" class=\"elementor elementor-467\" data-elementor-post-type=\"page\">\n\t\t\t\t\t\t\t<div class=\"elementor-element elementor-element-6192683 e-flex e-con-boxed e-con e-parent\" data-id=\"6192683\" data-element_type=\"container\" data-settings=\"{&quot;background_background&quot;:&quot;classic&quot;,&quot;content_width&quot;:&quot;boxed&quot;}\" data-core-v316-plus=\"true\">\n\t\t\t\t\t<div class=\"e-con-inner\">\n\t\t\t\t<div class=\"elementor-element elementor-element-f673e61 elementor-widget elementor-widget-spacer\" data-id=\"f673e61\" data-element_type=\"widget\" data-widget_type=\"spacer.default\">\n\t\t\t\t<div class=\"elementor-widget-container\">\n\t\t\t<style>\/*! elementor - v3.16.0 - 09-10-2023 *\/\n.elementor-column .elementor-spacer-inner{height:var(--spacer-size)}.e-con{--container-widget-width:100%}.e-con-inner>.elementor-widget-spacer,.e-con>.elementor-widget-spacer{width:var(--container-widget-width,var(--spacer-size));--align-self:var(--container-widget-align-self,initial);--flex-shrink:0}.e-con-inner>.elementor-widget-spacer>.elementor-widget-container,.e-con>.elementor-widget-spacer>.elementor-widget-container{height:100%;width:100%}.e-con-inner>.elementor-widget-spacer>.elementor-widget-container>.elementor-spacer,.e-con>.elementor-widget-spacer>.elementor-widget-container>.elementor-spacer{height:100%}.e-con-inner>.elementor-widget-spacer>.elementor-widget-container>.elementor-spacer>.elementor-spacer-inner,.e-con>.elementor-widget-spacer>.elementor-widget-container>.elementor-spacer>.elementor-spacer-inner{height:var(--container-widget-height,var(--spacer-size))}.e-con-inner>.elementor-widget-spacer.elementor-widget-empty,.e-con>.elementor-widget-spacer.elementor-widget-empty{position:relative;min-height:22px;min-width:22px}.e-con-inner>.elementor-widget-spacer.elementor-widget-empty .elementor-widget-empty-icon,.e-con>.elementor-widget-spacer.elementor-widget-empty .elementor-widget-empty-icon{position:absolute;top:0;bottom:0;left:0;right:0;margin:auto;padding:0;width:22px;height:22px}<\/style>\t\t<div class=\"elementor-spacer\">\n\t\t\t<div class=\"elementor-spacer-inner\"><\/div>\n\t\t<\/div>\n\t\t\t\t<\/div>\n\t\t\t\t<\/div>\n\t\t\t\t<div class=\"elementor-element elementor-element-3333e32 elementor-widget elementor-widget-heading\" data-id=\"3333e32\" data-element_type=\"widget\" data-widget_type=\"heading.default\">\n\t\t\t\t<div class=\"elementor-widget-container\">\n\t\t\t<style>\/*! elementor - v3.16.0 - 09-10-2023 *\/\n.elementor-heading-title{padding:0;margin:0;line-height:1}.elementor-widget-heading .elementor-heading-title[class*=elementor-size-]>a{color:inherit;font-size:inherit;line-height:inherit}.elementor-widget-heading .elementor-heading-title.elementor-size-small{font-size:15px}.elementor-widget-heading .elementor-heading-title.elementor-size-medium{font-size:19px}.elementor-widget-heading .elementor-heading-title.elementor-size-large{font-size:29px}.elementor-widget-heading .elementor-heading-title.elementor-size-xl{font-size:39px}.elementor-widget-heading .elementor-heading-title.elementor-size-xxl{font-size:59px}<\/style><h2 class=\"elementor-heading-title elementor-size-default\">MenClub <br> \n\u0411\u043b\u043e\u0433<\/h2>\t\t<\/div>\n\t\t\t\t<\/div>\n\t\t\t\t<div class=\"elementor-element elementor-element-60d6b00 elementor-widget elementor-widget-spacer\" data-id=\"60d6b00\" data-element_type=\"widget\" data-widget_type=\"spacer.default\">\n\t\t\t\t<div class=\"elementor-widget-container\">\n\t\t\t\t\t<div class=\"elementor-spacer\">\n\t\t\t<div class=\"elementor-spacer-inner\"><\/div>\n\t\t<\/div>\n\t\t\t\t<\/div>\n\t\t\t\t<\/div>\n\t\t\t\t\t<\/div>\n\t\t\t\t<\/div>\n\t\t<div class=\"elementor-element elementor-element-6b0ca55 e-flex e-con-boxed e-con e-parent\" data-id=\"6b0ca55\" data-element_type=\"container\" data-settings=\"{&quot;background_background&quot;:&quot;classic&quot;,&quot;content_width&quot;:&quot;boxed&quot;}\" data-core-v316-plus=\"true\">\n\t\t\t\t\t<div class=\"e-con-inner\">\n\t\t\t\t<div class=\"elementor-element elementor-element-af9eda2 elementor-widget elementor-widget-spacer\" data-id=\"af9eda2\" data-element_type=\"widget\" data-widget_type=\"spacer.default\">\n\t\t\t\t<div class=\"elementor-widget-container\">\n\t\t\t\t\t<div class=\"elementor-spacer\">\n\t\t\t<div class=\"elementor-spacer-inner\"><\/div>\n\t\t<\/div>\n\t\t\t\t<\/div>\n\t\t\t\t<\/div>\n\t\t\t\t<div class=\"elementor-element elementor-element-fda7d2b elementor-widget elementor-widget-uicore-post-grid\" data-id=\"fda7d2b\" data-element_type=\"widget\" data-widget_type=\"uicore-post-grid.default\">\n\t\t\t\t<div class=\"elementor-widget-container\">\n\t\t\t<div class=\"uicore-grid-container uicore-blog-grid uicore-grid-row uicore-grid uicore-landscape-ratio uicore-large-space animate-3 ui-st-boxed-creative uicore-blog-widget\">\r\n            <div class=\"uicore-grid-item uicore-col-md-6 uicore-col-lg-4  uicore-zoom uicore-animate post-456 post type-post status-publish format-standard has-post-thumbnail hentry category-uncategorized\" >\r\n                <article class=\"uicore-post\">\r\n                    <div class=\"uicore-post-wrapper\">\r\n\r\n                        <a href=\"https:\/\/menclub.md\/ru\/2022\/09\/13\/10-simple-practices-that-will-help-you-get-1-better-every-day\/\" title=\" View Post: Cum s\u0103 alegi frizura potrivit\u0103 pentru forma fe\u021bei tale\" >  <div class=\"uicore-blog-img-container uicore-zoom-wrapper\">\r\n                                            <div class=\"uicore-cover-img\" style=\"background-image: url(https:\/\/menclub.md\/wp-content\/uploads\/2022\/09\/DALL\u00b7E-2023-12-19-20.32.56-A-stylish-man-with-an-oval-face-shape-confidently-sporting-a-modern-hairstyle-that-suits-his-face.-The-background-is-a-fashionable-salon-setting-wit-650x650.png)\"><\/div>\r\n                                        <\/div><\/a>\r\n                        <div class=\"uicore-post-info\">\r\n                            <div class=\"uicore-post-info-wrapper\">\r\n                                <a href=\"https:\/\/menclub.md\/ru\/2022\/09\/13\/10-simple-practices-that-will-help-you-get-1-better-every-day\/\" title=\"View Post: Cum s\u0103 alegi frizura potrivit\u0103 pentru forma fe\u021bei tale \">                              <h4 class=\"uicore-post-title\"><span>Cum s\u0103 alegi frizura potrivit\u0103 pentru forma fe\u021bei tale<\/span><\/h4>\r\n                              <\/a><div class=\"uicore-post-footer uicore-body\"><span><a href=\"https:\/\/menclub.md\/ru\/author\/admin\/\" title=\"\u0417\u0430\u043f\u0438\u0441\u0438 admin\" rel=\"author\">admin<\/a><\/span><span class=\"uicore-meta-separator\"><\/span><span>13 \u0441\u0435\u043d\u0442\u044f\u0431\u0440\u044f, 2022<\/span><\/div>                            <\/div>\r\n                        <\/div>\r\n\r\n                    <\/div>\r\n                <\/article>\r\n            <\/div>\r\n        \r\n            <div class=\"uicore-grid-item uicore-col-md-6 uicore-col-lg-4  uicore-zoom uicore-animate post-455 post type-post status-publish format-standard has-post-thumbnail hentry category-uncategorized\" >\r\n                <article class=\"uicore-post\">\r\n                    <div class=\"uicore-post-wrapper\">\r\n\r\n                        <a href=\"https:\/\/menclub.md\/ru\/2022\/09\/13\/5-uses-of-artificial-intelligence-that-will-blow-your-mind\/\" title=\" View Post: Tendin\u021be actuale \u00een frizuri pentru b\u0103rba\u021bi\" >  <div class=\"uicore-blog-img-container uicore-zoom-wrapper\">\r\n                                            <div class=\"uicore-cover-img\" style=\"background-image: url(https:\/\/menclub.md\/wp-content\/uploads\/2022\/09\/DALL\u00b7E-2023-12-19-19.36.13-A-collection-of-photographs-showcasing-men-with-various-modern-hair-styles-including-pompadour-slick-back-and-faded-haircut.-The-images-highlight-d-650x650.png)\"><\/div>\r\n                                        <\/div><\/a>\r\n                        <div class=\"uicore-post-info\">\r\n                            <div class=\"uicore-post-info-wrapper\">\r\n                                <a href=\"https:\/\/menclub.md\/ru\/2022\/09\/13\/5-uses-of-artificial-intelligence-that-will-blow-your-mind\/\" title=\"View Post: Tendin\u021be actuale \u00een frizuri pentru b\u0103rba\u021bi \">                              <h4 class=\"uicore-post-title\"><span>Tendin\u021be actuale \u00een frizuri pentru b\u0103rba\u021bi<\/span><\/h4>\r\n                              <\/a><div class=\"uicore-post-footer uicore-body\"><span><a href=\"https:\/\/menclub.md\/ru\/author\/admin\/\" title=\"\u0417\u0430\u043f\u0438\u0441\u0438 admin\" rel=\"author\">admin<\/a><\/span><span class=\"uicore-meta-separator\"><\/span><span>13 \u0441\u0435\u043d\u0442\u044f\u0431\u0440\u044f, 2022<\/span><\/div>                            <\/div>\r\n                        <\/div>\r\n\r\n                    <\/div>\r\n                <\/article>\r\n            <\/div>\r\n        \r\n            <div class=\"uicore-grid-item uicore-col-md-6 uicore-col-lg-4  uicore-zoom uicore-animate post-458 post type-post status-publish format-standard has-post-thumbnail hentry category-uncategorized\" >\r\n                <article class=\"uicore-post\">\r\n                    <div class=\"uicore-post-wrapper\">\r\n\r\n                        <a href=\"https:\/\/menclub.md\/ru\/2022\/09\/13\/this-long-awaited-technology-may-finally-change-the-world\/\" title=\" View Post: Solu\u021bii pentru probleme comune ale p\u0103rului \u0219i b\u0103rbii\" >  <div class=\"uicore-blog-img-container uicore-zoom-wrapper\">\r\n                                            <div class=\"uicore-cover-img\" style=\"background-image: url(https:\/\/menclub.md\/wp-content\/uploads\/2022\/09\/DALL\u00b7E-2023-12-19-21.03.38-A-creative-and-visually-appealing-collage-representing-the-theme-Solutions-for-Common-Hair-and-Beard-Problems.-The-collage-includes-images-of-a-pers-650x650.png)\"><\/div>\r\n                                        <\/div><\/a>\r\n                        <div class=\"uicore-post-info\">\r\n                            <div class=\"uicore-post-info-wrapper\">\r\n                                <a href=\"https:\/\/menclub.md\/ru\/2022\/09\/13\/this-long-awaited-technology-may-finally-change-the-world\/\" title=\"View Post: Solu\u021bii pentru probleme comune ale p\u0103rului \u0219i b\u0103rbii \">                              <h4 class=\"uicore-post-title\"><span>Solu\u021bii pentru probleme comune ale p\u0103rului \u0219i b\u0103rbii<\/span><\/h4>\r\n                              <\/a><div class=\"uicore-post-footer uicore-body\"><span><a href=\"https:\/\/menclub.md\/ru\/author\/admin\/\" title=\"\u0417\u0430\u043f\u0438\u0441\u0438 admin\" rel=\"author\">admin<\/a><\/span><span class=\"uicore-meta-separator\"><\/span><span>13 \u0441\u0435\u043d\u0442\u044f\u0431\u0440\u044f, 2022<\/span><\/div>                            <\/div>\r\n                        <\/div>\r\n\r\n                    <\/div>\r\n                <\/article>\r\n            <\/div>\r\n        \r\n            <div class=\"uicore-grid-item uicore-col-md-6 uicore-col-lg-4  uicore-zoom uicore-animate post-457 post type-post status-publish format-standard has-post-thumbnail hentry category-uncategorized\" >\r\n                <article class=\"uicore-post\">\r\n                    <div class=\"uicore-post-wrapper\">\r\n\r\n                        <a href=\"https:\/\/menclub.md\/ru\/2022\/09\/13\/design-thinking-building-a-design-system-for-an-existing-product\/\" title=\" View Post: Secretele \u00eengrijirii b\u0103rbii\" >  <div class=\"uicore-blog-img-container uicore-zoom-wrapper\">\r\n                                            <div class=\"uicore-cover-img\" style=\"background-image: url(https:\/\/menclub.md\/wp-content\/uploads\/2022\/09\/DALL\u00b7E-2023-12-19-20.54.38-A-creative-and-visually-appealing-collage-for-a-blog-post-titled-The-Secrets-of-Beard-Care.-The-collage-includes-images-of-a-man-grooming-his-beard-650x650.png)\"><\/div>\r\n                                        <\/div><\/a>\r\n                        <div class=\"uicore-post-info\">\r\n                            <div class=\"uicore-post-info-wrapper\">\r\n                                <a href=\"https:\/\/menclub.md\/ru\/2022\/09\/13\/design-thinking-building-a-design-system-for-an-existing-product\/\" title=\"View Post: Secretele \u00eengrijirii b\u0103rbii \">                              <h4 class=\"uicore-post-title\"><span>Secretele \u00eengrijirii b\u0103rbii<\/span><\/h4>\r\n                              <\/a><div class=\"uicore-post-footer uicore-body\"><span><a href=\"https:\/\/menclub.md\/ru\/author\/admin\/\" title=\"\u0417\u0430\u043f\u0438\u0441\u0438 admin\" rel=\"author\">admin<\/a><\/span><span class=\"uicore-meta-separator\"><\/span><span>13 \u0441\u0435\u043d\u0442\u044f\u0431\u0440\u044f, 2022<\/span><\/div>                            <\/div>\r\n                        <\/div>\r\n\r\n                    <\/div>\r\n                <\/article>\r\n            <\/div>\r\n        \r\n            <div class=\"uicore-grid-item uicore-col-md-6 uicore-col-lg-4  uicore-zoom uicore-animate post-459 post type-post status-publish format-standard has-post-thumbnail hentry category-uncategorized\" >\r\n                <article class=\"uicore-post\">\r\n                    <div class=\"uicore-post-wrapper\">\r\n\r\n                        <a href=\"https:\/\/menclub.md\/ru\/2022\/09\/13\/if-you-have-the-self-discipline-start-honing-these-4-habits-today\/\" title=\" View Post: Ghidul \u00eengrijirii p\u0103rului pentru b\u0103rba\u021bi: De la \u0219amponare la styling\" >  <div class=\"uicore-blog-img-container uicore-zoom-wrapper\">\r\n                                            <div class=\"uicore-cover-img\" style=\"background-image: url(https:\/\/menclub.md\/wp-content\/uploads\/2022\/09\/DALL\u00b7E-2023-12-19-21.30.31-A-creative-and-visually-appealing-collage-representing-the-theme-Mens-Hair-Care-Guide_-From-Shampooing-to-Styling.-The-collage-includes-images-of-a-650x650.png)\"><\/div>\r\n                                        <\/div><\/a>\r\n                        <div class=\"uicore-post-info\">\r\n                            <div class=\"uicore-post-info-wrapper\">\r\n                                <a href=\"https:\/\/menclub.md\/ru\/2022\/09\/13\/if-you-have-the-self-discipline-start-honing-these-4-habits-today\/\" title=\"View Post: Ghidul \u00eengrijirii p\u0103rului pentru b\u0103rba\u021bi: De la \u0219amponare la styling \">                              <h4 class=\"uicore-post-title\"><span>Ghidul \u00eengrijirii p\u0103rului pentru b\u0103rba\u021bi: De la \u0219amponare la styling<\/span><\/h4>\r\n                              <\/a><div class=\"uicore-post-footer uicore-body\"><span><a href=\"https:\/\/menclub.md\/ru\/author\/admin\/\" title=\"\u0417\u0430\u043f\u0438\u0441\u0438 admin\" rel=\"author\">admin<\/a><\/span><span class=\"uicore-meta-separator\"><\/span><span>13 \u0441\u0435\u043d\u0442\u044f\u0431\u0440\u044f, 2022<\/span><\/div>                            <\/div>\r\n                        <\/div>\r\n\r\n                    <\/div>\r\n                <\/article>\r\n            <\/div>\r\n        \r\n            <div class=\"uicore-grid-item uicore-col-md-6 uicore-col-lg-4  uicore-zoom uicore-animate post-460 post type-post status-publish format-standard has-post-thumbnail hentry category-uncategorized\" >\r\n                <article class=\"uicore-post\">\r\n                    <div class=\"uicore-post-wrapper\">\r\n\r\n                        <a href=\"https:\/\/menclub.md\/ru\/2021\/07\/20\/8-life-changing-lessons-that-i-wish-id-known-at-20-something\/\" title=\" View Post: Arte \u0219i Tehnici de Hair Styling: Cre\u00e2nd Look-uri Personalizate\" >  <div class=\"uicore-blog-img-container uicore-zoom-wrapper\">\r\n                                            <div class=\"uicore-cover-img\" style=\"background-image: url(https:\/\/menclub.md\/wp-content\/uploads\/2021\/07\/DALL\u00b7E-2023-12-19-21.45.59-A-creative-and-visually-appealing-collage-representing-the-theme-Art-and-Techniques-of-Hair-Styling_-Creating-Personalized-Looks-for-men.-The-collag-650x650.png)\"><\/div>\r\n                                        <\/div><\/a>\r\n                        <div class=\"uicore-post-info\">\r\n                            <div class=\"uicore-post-info-wrapper\">\r\n                                <a href=\"https:\/\/menclub.md\/ru\/2021\/07\/20\/8-life-changing-lessons-that-i-wish-id-known-at-20-something\/\" title=\"View Post: Arte \u0219i Tehnici de Hair Styling: Cre\u00e2nd Look-uri Personalizate \">                              <h4 class=\"uicore-post-title\"><span>Arte \u0219i Tehnici de Hair Styling: Cre\u00e2nd Look-uri Personalizate<\/span><\/h4>\r\n                              <\/a><div class=\"uicore-post-footer uicore-body\"><span><a href=\"https:\/\/menclub.md\/ru\/author\/admin\/\" title=\"\u0417\u0430\u043f\u0438\u0441\u0438 admin\" rel=\"author\">admin<\/a><\/span><span class=\"uicore-meta-separator\"><\/span><span>20 \u0438\u044e\u043b\u044f, 2021<\/span><\/div>                            <\/div>\r\n                        <\/div>\r\n\r\n                    <\/div>\r\n                <\/article>\r\n            <\/div>\r\n        <\/div>\t\t<\/div>\n\t\t\t\t<\/div>\n\t\t\t\t<div class=\"elementor-element elementor-element-b00e5a4 elementor-widget elementor-widget-spacer\" data-id=\"b00e5a4\" data-element_type=\"widget\" data-widget_type=\"spacer.default\">\n\t\t\t\t<div class=\"elementor-widget-container\">\n\t\t\t\t\t<div class=\"elementor-spacer\">\n\t\t\t<div class=\"elementor-spacer-inner\"><\/div>\n\t\t<\/div>\n\t\t\t\t<\/div>\n\t\t\t\t<\/div>\n\t\t\t\t\t<\/div>\n\t\t\t\t<\/div>\n\t\t\t\t\t\t\t<\/div>","protected":false},"excerpt":{"rendered":"<p>MenClub Blog 10 Simple Practices That Will Help You Get 1% Better Every Day adminseptembrie 13, 2022 5 Uses of Artificial Intelligence [&hellip;]<\/p>","protected":false},"author":1,"featured_media":0,"parent":0,"menu_order":0,"comment_status":"closed","ping_status":"closed","template":"","meta":{"footnotes":""},"class_list":["post-467","page","type-page","status-publish","hentry"],"yoast_head":"<!-- This site is optimized with the Yoast SEO Premium plugin v21.3 (Yoast SEO v21.3) - https:\/\/yoast.com\/wordpress\/plugins\/seo\/ -->\n<title>Blog - MenClub Barbershop Chisinau<\/title>\n<meta name=\"robots\" content=\"index, follow, max-snippet:-1, max-image-preview:large, max-video-preview:-1\" \/>\n<link rel=\"canonical\" href=\"https:\/\/menclub.md\/ru\/blog\/\" \/>\n<meta property=\"og:locale\" content=\"ru_RU\" \/>\n<meta property=\"og:type\" content=\"article\" \/>\n<meta property=\"og:title\" content=\"Blog\" \/>\n<meta property=\"og:description\" content=\"MenClub Blog 10 Simple Practices That Will Help You Get 1% Better Every Day adminseptembrie 13, 2022 5 Uses of Artificial Intelligence [&hellip;]\" \/>\n<meta property=\"og:url\" content=\"https:\/\/menclub.md\/ru\/blog\/\" \/>\n<meta property=\"og:site_name\" content=\"MenClub Barbershop Chisinau\" \/>\n<meta property=\"article:publisher\" content=\"https:\/\/www.fresha.com\/a\/men-club-chisinau-strada-lev-tolstoi-13-cq7lnmhz\" \/>\n<meta property=\"article:modified_time\" content=\"2023-12-19T17:29:55+00:00\" \/>\n<meta name=\"twitter:card\" content=\"summary_large_image\" \/>\n<meta name=\"twitter:label1\" content=\"\u041f\u0440\u0438\u043c\u0435\u0440\u043d\u043e\u0435 \u0432\u0440\u0435\u043c\u044f \u0434\u043b\u044f \u0447\u0442\u0435\u043d\u0438\u044f\" \/>\n\t<meta name=\"twitter:data1\" content=\"1 \u043c\u0438\u043d\u0443\u0442\u0430\" \/>\n<script type=\"application\/ld+json\" class=\"yoast-schema-graph\">{\"@context\":\"https:\/\/schema.org\",\"@graph\":[{\"@type\":\"WebPage\",\"@id\":\"https:\/\/menclub.md\/blog\/\",\"url\":\"https:\/\/menclub.md\/blog\/\",\"name\":\"Blog - MenClub Barbershop Chisinau\",\"isPartOf\":{\"@id\":\"https:\/\/menclub.md\/#website\"},\"datePublished\":\"2023-12-19T16:02:40+00:00\",\"dateModified\":\"2023-12-19T17:29:55+00:00\",\"breadcrumb\":{\"@id\":\"https:\/\/menclub.md\/blog\/#breadcrumb\"},\"inLanguage\":\"ru-RU\",\"potentialAction\":[{\"@type\":\"ReadAction\",\"target\":[\"https:\/\/menclub.md\/blog\/\"]}]},{\"@type\":\"BreadcrumbList\",\"@id\":\"https:\/\/menclub.md\/blog\/#breadcrumb\",\"itemListElement\":[{\"@type\":\"ListItem\",\"position\":1,\"name\":\"Prima pagin\u0103\",\"item\":\"https:\/\/menclub.md\/\"},{\"@type\":\"ListItem\",\"position\":2,\"name\":\"Blog\"}]},{\"@type\":\"WebSite\",\"@id\":\"https:\/\/menclub.md\/#website\",\"url\":\"https:\/\/menclub.md\/\",\"name\":\"MenClub BarberShop Chisinau\",\"description\":\"MenClub Barbershop Chisinau\",\"publisher\":{\"@id\":\"https:\/\/menclub.md\/#organization\"},\"alternateName\":\"MenClub\",\"potentialAction\":[{\"@type\":\"SearchAction\",\"target\":{\"@type\":\"EntryPoint\",\"urlTemplate\":\"https:\/\/menclub.md\/?s={search_term_string}\"},\"query-input\":\"required name=search_term_string\"}],\"inLanguage\":\"ru-RU\"},{\"@type\":\"Organization\",\"@id\":\"https:\/\/menclub.md\/#organization\",\"name\":\"MenClub Barbershop\",\"url\":\"https:\/\/menclub.md\/\",\"logo\":{\"@type\":\"ImageObject\",\"inLanguage\":\"ru-RU\",\"@id\":\"https:\/\/menclub.md\/#\/schema\/logo\/image\/\",\"url\":\"https:\/\/menclub.md\/wp-content\/uploads\/2023\/10\/android-chrome-512x512-1.png\",\"contentUrl\":\"https:\/\/menclub.md\/wp-content\/uploads\/2023\/10\/android-chrome-512x512-1.png\",\"width\":512,\"height\":512,\"caption\":\"MenClub Barbershop\"},\"image\":{\"@id\":\"https:\/\/menclub.md\/#\/schema\/logo\/image\/\"},\"sameAs\":[\"https:\/\/www.fresha.com\/a\/men-club-chisinau-strada-lev-tolstoi-13-cq7lnmhz\",\"https:\/\/www.instagram.com\/menclub_barbershop\/\"]}]}<\/script>\n<!-- \/ Yoast SEO Premium plugin. -->","yoast_head_json":{"title":"Blog - MenClub Barbershop Chisinau","robots":{"index":"index","follow":"follow","max-snippet":"max-snippet:-1","max-image-preview":"max-image-preview:large","max-video-preview":"max-video-preview:-1"},"canonical":"https:\/\/menclub.md\/ru\/blog\/","og_locale":"ru_RU","og_type":"article","og_title":"Blog","og_description":"MenClub Blog 10 Simple Practices That Will Help You Get 1% Better Every Day adminseptembrie 13, 2022 5 Uses of Artificial Intelligence [&hellip;]","og_url":"https:\/\/menclub.md\/ru\/blog\/","og_site_name":"MenClub Barbershop Chisinau","article_publisher":"https:\/\/www.fresha.com\/a\/men-club-chisinau-strada-lev-tolstoi-13-cq7lnmhz","article_modified_time":"2023-12-19T17:29:55+00:00","twitter_card":"summary_large_image","twitter_misc":{"\u041f\u0440\u0438\u043c\u0435\u0440\u043d\u043e\u0435 \u0432\u0440\u0435\u043c\u044f \u0434\u043b\u044f \u0447\u0442\u0435\u043d\u0438\u044f":"1 \u043c\u0438\u043d\u0443\u0442\u0430"},"schema":{"@context":"https:\/\/schema.org","@graph":[{"@type":"WebPage","@id":"https:\/\/menclub.md\/blog\/","url":"https:\/\/menclub.md\/blog\/","name":"Blog - MenClub Barbershop Chisinau","isPartOf":{"@id":"https:\/\/menclub.md\/#website"},"datePublished":"2023-12-19T16:02:40+00:00","dateModified":"2023-12-19T17:29:55+00:00","breadcrumb":{"@id":"https:\/\/menclub.md\/blog\/#breadcrumb"},"inLanguage":"ru-RU","potentialAction":[{"@type":"ReadAction","target":["https:\/\/menclub.md\/blog\/"]}]},{"@type":"BreadcrumbList","@id":"https:\/\/menclub.md\/blog\/#breadcrumb","itemListElement":[{"@type":"ListItem","position":1,"name":"Prima pagin\u0103","item":"https:\/\/menclub.md\/"},{"@type":"ListItem","position":2,"name":"Blog"}]},{"@type":"WebSite","@id":"https:\/\/menclub.md\/#website","url":"https:\/\/menclub.md\/","name":"MenClub BarberShop Chisinau","description":"MenClub Barbershop Chisinau","publisher":{"@id":"https:\/\/menclub.md\/#organization"},"alternateName":"MenClub","potentialAction":[{"@type":"SearchAction","target":{"@type":"EntryPoint","urlTemplate":"https:\/\/menclub.md\/?s={search_term_string}"},"query-input":"required name=search_term_string"}],"inLanguage":"ru-RU"},{"@type":"Organization","@id":"https:\/\/menclub.md\/#organization","name":"MenClub Barbershop","url":"https:\/\/menclub.md\/","logo":{"@type":"ImageObject","inLanguage":"ru-RU","@id":"https:\/\/menclub.md\/#\/schema\/logo\/image\/","url":"https:\/\/menclub.md\/wp-content\/uploads\/2023\/10\/android-chrome-512x512-1.png","contentUrl":"https:\/\/menclub.md\/wp-content\/uploads\/2023\/10\/android-chrome-512x512-1.png","width":512,"height":512,"caption":"MenClub Barbershop"},"image":{"@id":"https:\/\/menclub.md\/#\/schema\/logo\/image\/"},"sameAs":["https:\/\/www.fresha.com\/a\/men-club-chisinau-strada-lev-tolstoi-13-cq7lnmhz","https:\/\/www.instagram.com\/menclub_barbershop\/"]}]}},"_links":{"self":[{"href":"https:\/\/menclub.md\/ru\/wp-json\/wp\/v2\/pages\/467","targetHints":{"allow":["GET"]}}],"collection":[{"href":"https:\/\/menclub.md\/ru\/wp-json\/wp\/v2\/pages"}],"about":[{"href":"https:\/\/menclub.md\/ru\/wp-json\/wp\/v2\/types\/page"}],"author":[{"embeddable":true,"href":"https:\/\/menclub.md\/ru\/wp-json\/wp\/v2\/users\/1"}],"replies":[{"embeddable":true,"href":"https:\/\/menclub.md\/ru\/wp-json\/wp\/v2\/comments?post=467"}],"version-history":[{"count":98,"href":"https:\/\/menclub.md\/ru\/wp-json\/wp\/v2\/pages\/467\/revisions"}],"predecessor-version":[{"id":575,"href":"https:\/\/menclub.md\/ru\/wp-json\/wp\/v2\/pages\/467\/revisions\/575"}],"wp:attachment":[{"href":"https:\/\/menclub.md\/ru\/wp-json\/wp\/v2\/media?parent=467"}],"curies":[{"name":"wp","href":"https:\/\/api.w.org\/{rel}","templated":true}]}}