{"id":1226,"date":"2024-02-14T19:20:21","date_gmt":"2024-02-14T19:20:21","guid":{"rendered":"https:\/\/menclub.md\/?page_id=1226"},"modified":"2024-02-14T23:06:06","modified_gmt":"2024-02-14T23:06:06","slug":"voucher","status":"publish","type":"page","link":"https:\/\/menclub.md\/ru\/voucher\/","title":{"rendered":"voucher"},"content":{"rendered":"<div data-elementor-type=\"wp-page\" data-elementor-id=\"1226\" class=\"elementor elementor-1226\" data-elementor-post-type=\"page\">\n\t\t\t\t\t\t\t\t\t<section class=\"elementor-section elementor-top-section elementor-element elementor-element-39a5ce8 elementor-section-boxed elementor-section-height-default elementor-section-height-default\" data-id=\"39a5ce8\" data-element_type=\"section\" data-settings=\"{&quot;background_background&quot;:&quot;classic&quot;}\">\n\t\t\t\t\t\t<div class=\"elementor-container elementor-column-gap-default\">\n\t\t\t\t\t<div class=\"elementor-column elementor-col-50 elementor-top-column elementor-element elementor-element-2077c4f\" data-id=\"2077c4f\" data-element_type=\"column\" data-settings=\"{&quot;background_background&quot;:&quot;classic&quot;}\">\n\t\t\t<div class=\"elementor-widget-wrap elementor-element-populated\">\n\t\t\t\t\t\t\t\t<div class=\"elementor-element elementor-element-5d0a14a elementor-widget elementor-widget-spacer\" data-id=\"5d0a14a\" data-element_type=\"widget\" data-widget_type=\"spacer.default\">\n\t\t\t\t<div class=\"elementor-widget-container\">\n\t\t\t<style>\/*! elementor - v3.16.0 - 09-10-2023 *\/\n.elementor-column .elementor-spacer-inner{height:var(--spacer-size)}.e-con{--container-widget-width:100%}.e-con-inner>.elementor-widget-spacer,.e-con>.elementor-widget-spacer{width:var(--container-widget-width,var(--spacer-size));--align-self:var(--container-widget-align-self,initial);--flex-shrink:0}.e-con-inner>.elementor-widget-spacer>.elementor-widget-container,.e-con>.elementor-widget-spacer>.elementor-widget-container{height:100%;width:100%}.e-con-inner>.elementor-widget-spacer>.elementor-widget-container>.elementor-spacer,.e-con>.elementor-widget-spacer>.elementor-widget-container>.elementor-spacer{height:100%}.e-con-inner>.elementor-widget-spacer>.elementor-widget-container>.elementor-spacer>.elementor-spacer-inner,.e-con>.elementor-widget-spacer>.elementor-widget-container>.elementor-spacer>.elementor-spacer-inner{height:var(--container-widget-height,var(--spacer-size))}.e-con-inner>.elementor-widget-spacer.elementor-widget-empty,.e-con>.elementor-widget-spacer.elementor-widget-empty{position:relative;min-height:22px;min-width:22px}.e-con-inner>.elementor-widget-spacer.elementor-widget-empty .elementor-widget-empty-icon,.e-con>.elementor-widget-spacer.elementor-widget-empty .elementor-widget-empty-icon{position:absolute;top:0;bottom:0;left:0;right:0;margin:auto;padding:0;width:22px;height:22px}<\/style>\t\t<div class=\"elementor-spacer\">\n\t\t\t<div class=\"elementor-spacer-inner\"><\/div>\n\t\t<\/div>\n\t\t\t\t<\/div>\n\t\t\t\t<\/div>\n\t\t\t\t\t<\/div>\n\t\t<\/div>\n\t\t\t\t<div class=\"elementor-column elementor-col-50 elementor-top-column elementor-element elementor-element-eb533b5\" data-id=\"eb533b5\" data-element_type=\"column\">\n\t\t\t<div class=\"elementor-widget-wrap elementor-element-populated\">\n\t\t\t\t\t\t\t\t<div class=\"elementor-element elementor-element-8366100 elementor-widget__width-initial elementor-widget-tablet__width-initial elementor-widget-mobile__width-inherit elementor-widget elementor-widget-heading\" data-id=\"8366100\" data-element_type=\"widget\" data-widget_type=\"heading.default\">\n\t\t\t\t<div class=\"elementor-widget-container\">\n\t\t\t<style>\/*! elementor - v3.16.0 - 09-10-2023 *\/\n.elementor-heading-title{padding:0;margin:0;line-height:1}.elementor-widget-heading .elementor-heading-title[class*=elementor-size-]>a{color:inherit;font-size:inherit;line-height:inherit}.elementor-widget-heading .elementor-heading-title.elementor-size-small{font-size:15px}.elementor-widget-heading .elementor-heading-title.elementor-size-medium{font-size:19px}.elementor-widget-heading .elementor-heading-title.elementor-size-large{font-size:29px}.elementor-widget-heading .elementor-heading-title.elementor-size-xl{font-size:39px}.elementor-widget-heading .elementor-heading-title.elementor-size-xxl{font-size:59px}<\/style><h2 class=\"elementor-heading-title elementor-size-default\">Cadoul perfect pentru b\u0103rba\u021bi<\/h2>\t\t<\/div>\n\t\t\t\t<\/div>\n\t\t\t\t<div class=\"elementor-element elementor-element-007eb6b elementor-widget-tablet__width-initial elementor-widget-mobile__width-inherit elementor-widget elementor-widget-text-editor\" data-id=\"007eb6b\" data-element_type=\"widget\" data-widget_type=\"text-editor.default\">\n\t\t\t\t<div class=\"elementor-widget-container\">\n\t\t\t<style>\/*! elementor - v3.16.0 - 09-10-2023 *\/\n.elementor-widget-text-editor.elementor-drop-cap-view-stacked .elementor-drop-cap{background-color:#69727d;color:#fff}.elementor-widget-text-editor.elementor-drop-cap-view-framed .elementor-drop-cap{color:#69727d;border:3px solid;background-color:transparent}.elementor-widget-text-editor:not(.elementor-drop-cap-view-default) .elementor-drop-cap{margin-top:8px}.elementor-widget-text-editor:not(.elementor-drop-cap-view-default) .elementor-drop-cap-letter{width:1em;height:1em}.elementor-widget-text-editor .elementor-drop-cap{float:left;text-align:center;line-height:1;font-size:50px}.elementor-widget-text-editor .elementor-drop-cap-letter{display:inline-block}<\/style>\t\t\t\t<p>Surprinde-l pe el cu cadoul perfect: un card voucher de la MenClub!Ofer\u0103-i o experien\u021b\u0103 de rafinament \u0219i stil, unde fiecare detaliu este pus \u00een valoare pentru a-i oferii look-ul perfect. Cu MenClub, transform\u0103-\u021bi gestul \u00eentr-o declara\u021bie de elegan\u021b\u0103 \u0219i \u00eengrijire pentru b\u0103rbatul special din via\u021ba ta.<\/p>\t\t\t\t\t\t<\/div>\n\t\t\t\t<\/div>\n\t\t\t\t<div class=\"elementor-element elementor-element-8d7035a elementor-widget__width-initial elementor-widget-tablet__width-initial elementor-widget-mobile__width-inherit elementor-widget elementor-widget-heading\" data-id=\"8d7035a\" data-element_type=\"widget\" data-widget_type=\"heading.default\">\n\t\t\t\t<div class=\"elementor-widget-container\">\n\t\t\t<h2 class=\"elementor-heading-title elementor-size-default\">Voucherul MenClub ofer\u0103 :<\/h2>\t\t<\/div>\n\t\t\t\t<\/div>\n\t\t\t\t<div class=\"elementor-element elementor-element-835d7c2 elementor-icon-list--layout-traditional elementor-list-item-link-full_width elementor-widget elementor-widget-icon-list\" data-id=\"835d7c2\" data-element_type=\"widget\" data-widget_type=\"icon-list.default\">\n\t\t\t\t<div class=\"elementor-widget-container\">\n\t\t\t<link rel=\"stylesheet\" href=\"https:\/\/menclub.md\/wp-content\/plugins\/elementor\/assets\/css\/widget-icon-list.min.css\">\t\t<ul class=\"elementor-icon-list-items\">\n\t\t\t\t\t\t\t<li class=\"elementor-icon-list-item\">\n\t\t\t\t\t\t\t\t\t\t\t<span class=\"elementor-icon-list-icon\">\n\t\t\t\t\t\t\t<i aria-hidden=\"true\" class=\"fas fa-check-circle\"><\/i>\t\t\t\t\t\t<\/span>\n\t\t\t\t\t\t\t\t\t\t<span class=\"elementor-icon-list-text\">Complex (Include frizura, sp\u0103larea capului, aranjarea p\u0103rului, tunsoarea \u0219i aranjarea b\u0103rbii) <\/span>\n\t\t\t\t\t\t\t\t\t<\/li>\n\t\t\t\t\t\t\t\t<li class=\"elementor-icon-list-item\">\n\t\t\t\t\t\t\t\t\t\t\t<span class=\"elementor-icon-list-icon\">\n\t\t\t\t\t\t\t<i aria-hidden=\"true\" class=\"fas fa-check-circle\"><\/i>\t\t\t\t\t\t<\/span>\n\t\t\t\t\t\t\t\t\t\t<span class=\"elementor-icon-list-text\">Black mask (Ideal\u0103 pentru puncte negre, catifeleaza tenul, curat\u0103 porii \u00een profunzime)<\/span>\n\t\t\t\t\t\t\t\t\t<\/li>\n\t\t\t\t\t\t\t\t<li class=\"elementor-icon-list-item\">\n\t\t\t\t\t\t\t\t\t\t\t<span class=\"elementor-icon-list-icon\">\n\t\t\t\t\t\t\t<i aria-hidden=\"true\" class=\"fas fa-check-circle\"><\/i>\t\t\t\t\t\t<\/span>\n\t\t\t\t\t\t\t\t\t\t<span class=\"elementor-icon-list-text\">Experien\u021b\u0103 pl\u0103cut\u0103 garantat\u0103<\/span>\n\t\t\t\t\t\t\t\t\t<\/li>\n\t\t\t\t\t\t<\/ul>\n\t\t\t\t<\/div>\n\t\t\t\t<\/div>\n\t\t\t\t<div class=\"elementor-element elementor-element-4ef40a9 elementor-widget elementor-widget-button\" data-id=\"4ef40a9\" data-element_type=\"widget\" data-widget_type=\"button.default\">\n\t\t\t\t<div class=\"elementor-widget-container\">\n\t\t\t\t\t<div class=\"elementor-button-wrapper\">\n\t\t\t<a class=\"elementor-button elementor-button-link elementor-size-sm\" href=\"\">\n\t\t\t\t\t\t<span class=\"elementor-button-content-wrapper\">\n\t\t\t\t\t\t<span class=\"elementor-button-text\">Comand\u0103<\/span>\n\t\t<\/span>\n\t\t\t\t\t<\/a>\n\t\t<\/div>\n\t\t\t\t<\/div>\n\t\t\t\t<\/div>\n\t\t\t\t\t<\/div>\n\t\t<\/div>\n\t\t\t\t\t\t\t<\/div>\n\t\t<\/section>\n\t\t\t\t\t\t\t<\/div>","protected":false},"excerpt":{"rendered":"<p>Cadoul perfect pentru b\u0103rba\u021bi Surprinde-l pe el cu cadoul perfect: un card voucher de la MenClub!Ofer\u0103-i o experien\u021b\u0103 de rafinament \u0219i stil, [&hellip;]<\/p>","protected":false},"author":1,"featured_media":0,"parent":0,"menu_order":0,"comment_status":"closed","ping_status":"closed","template":"","meta":{"footnotes":""},"class_list":["post-1226","page","type-page","status-publish","hentry"],"yoast_head":"<!-- This site is optimized with the Yoast SEO Premium plugin v21.3 (Yoast SEO v21.3) - https:\/\/yoast.com\/wordpress\/plugins\/seo\/ -->\n<title>voucher - MenClub Barbershop Chisinau<\/title>\n<meta name=\"robots\" content=\"index, follow, max-snippet:-1, max-image-preview:large, max-video-preview:-1\" \/>\n<link rel=\"canonical\" href=\"https:\/\/menclub.md\/ru\/voucher\/\" \/>\n<meta property=\"og:locale\" content=\"ru_RU\" \/>\n<meta property=\"og:type\" content=\"article\" \/>\n<meta property=\"og:title\" content=\"voucher\" \/>\n<meta property=\"og:description\" content=\"Cadoul perfect pentru b\u0103rba\u021bi Surprinde-l pe el cu cadoul perfect: un card voucher de la MenClub!Ofer\u0103-i o experien\u021b\u0103 de rafinament \u0219i stil, [&hellip;]\" \/>\n<meta property=\"og:url\" content=\"https:\/\/menclub.md\/ru\/voucher\/\" \/>\n<meta property=\"og:site_name\" content=\"MenClub Barbershop Chisinau\" \/>\n<meta property=\"article:publisher\" content=\"https:\/\/www.fresha.com\/a\/men-club-chisinau-strada-lev-tolstoi-13-cq7lnmhz\" \/>\n<meta property=\"article:modified_time\" content=\"2024-02-14T23:06:06+00:00\" \/>\n<meta name=\"twitter:card\" content=\"summary_large_image\" \/>\n<meta name=\"twitter:label1\" content=\"\u041f\u0440\u0438\u043c\u0435\u0440\u043d\u043e\u0435 \u0432\u0440\u0435\u043c\u044f \u0434\u043b\u044f \u0447\u0442\u0435\u043d\u0438\u044f\" \/>\n\t<meta name=\"twitter:data1\" content=\"1 \u043c\u0438\u043d\u0443\u0442\u0430\" \/>\n<script type=\"application\/ld+json\" class=\"yoast-schema-graph\">{\"@context\":\"https:\/\/schema.org\",\"@graph\":[{\"@type\":\"WebPage\",\"@id\":\"https:\/\/menclub.md\/voucher\/\",\"url\":\"https:\/\/menclub.md\/voucher\/\",\"name\":\"voucher - MenClub Barbershop Chisinau\",\"isPartOf\":{\"@id\":\"https:\/\/menclub.md\/#website\"},\"datePublished\":\"2024-02-14T19:20:21+00:00\",\"dateModified\":\"2024-02-14T23:06:06+00:00\",\"breadcrumb\":{\"@id\":\"https:\/\/menclub.md\/voucher\/#breadcrumb\"},\"inLanguage\":\"ru-RU\",\"potentialAction\":[{\"@type\":\"ReadAction\",\"target\":[\"https:\/\/menclub.md\/voucher\/\"]}]},{\"@type\":\"BreadcrumbList\",\"@id\":\"https:\/\/menclub.md\/voucher\/#breadcrumb\",\"itemListElement\":[{\"@type\":\"ListItem\",\"position\":1,\"name\":\"Prima pagin\u0103\",\"item\":\"https:\/\/menclub.md\/\"},{\"@type\":\"ListItem\",\"position\":2,\"name\":\"voucher\"}]},{\"@type\":\"WebSite\",\"@id\":\"https:\/\/menclub.md\/#website\",\"url\":\"https:\/\/menclub.md\/\",\"name\":\"MenClub BarberShop Chisinau\",\"description\":\"MenClub Barbershop Chisinau\",\"publisher\":{\"@id\":\"https:\/\/menclub.md\/#organization\"},\"alternateName\":\"MenClub\",\"potentialAction\":[{\"@type\":\"SearchAction\",\"target\":{\"@type\":\"EntryPoint\",\"urlTemplate\":\"https:\/\/menclub.md\/?s={search_term_string}\"},\"query-input\":\"required name=search_term_string\"}],\"inLanguage\":\"ru-RU\"},{\"@type\":\"Organization\",\"@id\":\"https:\/\/menclub.md\/#organization\",\"name\":\"MenClub Barbershop\",\"url\":\"https:\/\/menclub.md\/\",\"logo\":{\"@type\":\"ImageObject\",\"inLanguage\":\"ru-RU\",\"@id\":\"https:\/\/menclub.md\/#\/schema\/logo\/image\/\",\"url\":\"https:\/\/menclub.md\/wp-content\/uploads\/2023\/10\/android-chrome-512x512-1.png\",\"contentUrl\":\"https:\/\/menclub.md\/wp-content\/uploads\/2023\/10\/android-chrome-512x512-1.png\",\"width\":512,\"height\":512,\"caption\":\"MenClub Barbershop\"},\"image\":{\"@id\":\"https:\/\/menclub.md\/#\/schema\/logo\/image\/\"},\"sameAs\":[\"https:\/\/www.fresha.com\/a\/men-club-chisinau-strada-lev-tolstoi-13-cq7lnmhz\",\"https:\/\/www.instagram.com\/menclub_barbershop\/\"]}]}<\/script>\n<!-- \/ Yoast SEO Premium plugin. -->","yoast_head_json":{"title":"voucher - MenClub Barbershop Chisinau","robots":{"index":"index","follow":"follow","max-snippet":"max-snippet:-1","max-image-preview":"max-image-preview:large","max-video-preview":"max-video-preview:-1"},"canonical":"https:\/\/menclub.md\/ru\/voucher\/","og_locale":"ru_RU","og_type":"article","og_title":"voucher","og_description":"Cadoul perfect pentru b\u0103rba\u021bi Surprinde-l pe el cu cadoul perfect: un card voucher de la MenClub!Ofer\u0103-i o experien\u021b\u0103 de rafinament \u0219i stil, [&hellip;]","og_url":"https:\/\/menclub.md\/ru\/voucher\/","og_site_name":"MenClub Barbershop Chisinau","article_publisher":"https:\/\/www.fresha.com\/a\/men-club-chisinau-strada-lev-tolstoi-13-cq7lnmhz","article_modified_time":"2024-02-14T23:06:06+00:00","twitter_card":"summary_large_image","twitter_misc":{"\u041f\u0440\u0438\u043c\u0435\u0440\u043d\u043e\u0435 \u0432\u0440\u0435\u043c\u044f \u0434\u043b\u044f \u0447\u0442\u0435\u043d\u0438\u044f":"1 \u043c\u0438\u043d\u0443\u0442\u0430"},"schema":{"@context":"https:\/\/schema.org","@graph":[{"@type":"WebPage","@id":"https:\/\/menclub.md\/voucher\/","url":"https:\/\/menclub.md\/voucher\/","name":"voucher - MenClub Barbershop Chisinau","isPartOf":{"@id":"https:\/\/menclub.md\/#website"},"datePublished":"2024-02-14T19:20:21+00:00","dateModified":"2024-02-14T23:06:06+00:00","breadcrumb":{"@id":"https:\/\/menclub.md\/voucher\/#breadcrumb"},"inLanguage":"ru-RU","potentialAction":[{"@type":"ReadAction","target":["https:\/\/menclub.md\/voucher\/"]}]},{"@type":"BreadcrumbList","@id":"https:\/\/menclub.md\/voucher\/#breadcrumb","itemListElement":[{"@type":"ListItem","position":1,"name":"Prima pagin\u0103","item":"https:\/\/menclub.md\/"},{"@type":"ListItem","position":2,"name":"voucher"}]},{"@type":"WebSite","@id":"https:\/\/menclub.md\/#website","url":"https:\/\/menclub.md\/","name":"MenClub BarberShop Chisinau","description":"MenClub Barbershop Chisinau","publisher":{"@id":"https:\/\/menclub.md\/#organization"},"alternateName":"MenClub","potentialAction":[{"@type":"SearchAction","target":{"@type":"EntryPoint","urlTemplate":"https:\/\/menclub.md\/?s={search_term_string}"},"query-input":"required name=search_term_string"}],"inLanguage":"ru-RU"},{"@type":"Organization","@id":"https:\/\/menclub.md\/#organization","name":"MenClub Barbershop","url":"https:\/\/menclub.md\/","logo":{"@type":"ImageObject","inLanguage":"ru-RU","@id":"https:\/\/menclub.md\/#\/schema\/logo\/image\/","url":"https:\/\/menclub.md\/wp-content\/uploads\/2023\/10\/android-chrome-512x512-1.png","contentUrl":"https:\/\/menclub.md\/wp-content\/uploads\/2023\/10\/android-chrome-512x512-1.png","width":512,"height":512,"caption":"MenClub Barbershop"},"image":{"@id":"https:\/\/menclub.md\/#\/schema\/logo\/image\/"},"sameAs":["https:\/\/www.fresha.com\/a\/men-club-chisinau-strada-lev-tolstoi-13-cq7lnmhz","https:\/\/www.instagram.com\/menclub_barbershop\/"]}]}},"_links":{"self":[{"href":"https:\/\/menclub.md\/ru\/wp-json\/wp\/v2\/pages\/1226","targetHints":{"allow":["GET"]}}],"collection":[{"href":"https:\/\/menclub.md\/ru\/wp-json\/wp\/v2\/pages"}],"about":[{"href":"https:\/\/menclub.md\/ru\/wp-json\/wp\/v2\/types\/page"}],"author":[{"embeddable":true,"href":"https:\/\/menclub.md\/ru\/wp-json\/wp\/v2\/users\/1"}],"replies":[{"embeddable":true,"href":"https:\/\/menclub.md\/ru\/wp-json\/wp\/v2\/comments?post=1226"}],"version-history":[{"count":118,"href":"https:\/\/menclub.md\/ru\/wp-json\/wp\/v2\/pages\/1226\/revisions"}],"predecessor-version":[{"id":1402,"href":"https:\/\/menclub.md\/ru\/wp-json\/wp\/v2\/pages\/1226\/revisions\/1402"}],"wp:attachment":[{"href":"https:\/\/menclub.md\/ru\/wp-json\/wp\/v2\/media?parent=1226"}],"curies":[{"name":"wp","href":"https:\/\/api.w.org\/{rel}","templated":true}]}}